{"id":273,"date":"2025-11-22T08:45:06","date_gmt":"2025-11-22T11:45:06","guid":{"rendered":"https:\/\/zonafranga.servegame.com\/?page_id=273"},"modified":"2025-12-25T16:03:54","modified_gmt":"2025-12-25T19:03:54","slug":"guia-basico-para-iniciantes-no-mbii","status":"publish","type":"page","link":"https:\/\/zonafranga.servegame.com\/?page_id=273","title":{"rendered":"Guia B\u00e1sico para Iniciantes no MBII"},"content":{"rendered":"\n<figure class=\"wp-block-image size-full\"><img loading=\"lazy\" decoding=\"async\" width=\"1024\" height=\"540\" src=\"https:\/\/zonafranga.servegame.com\/wp-content\/uploads\/2025\/11\/Guia-basico-para-Iniciantes.jpg\" alt=\"\" class=\"wp-image-274\" srcset=\"https:\/\/zonafranga.servegame.com\/wp-content\/uploads\/2025\/11\/Guia-basico-para-Iniciantes.jpg 1024w, https:\/\/zonafranga.servegame.com\/wp-content\/uploads\/2025\/11\/Guia-basico-para-Iniciantes-300x158.jpg 300w, https:\/\/zonafranga.servegame.com\/wp-content\/uploads\/2025\/11\/Guia-basico-para-Iniciantes-768x405.jpg 768w, https:\/\/zonafranga.servegame.com\/wp-content\/uploads\/2025\/11\/Guia-basico-para-Iniciantes-500x264.jpg 500w\" sizes=\"auto, (max-width: 1024px) 100vw, 1024px\" \/><\/figure>\n\n\n\n<p>Bem-vindo ao mundo do MBII. Este guia cobre os passos b\u00e1sicos para voc\u00ea come\u00e7ar com o p\u00e9 direito.<\/p>\n\n\n\n<h1 class=\"wp-block-heading\"><strong>1. Instala\u00e7\u00e3o e primeiro contato<\/strong><\/h1>\n\n\n\n<ul class=\"wp-block-list\">\n<li>Instale o mod MBII, conforme nosso <a href=\"https:\/\/zonafranga.servegame.com\/guia-de-instalacao-do-movie-battles-ii-mbii\/\" data-type=\"page\" data-id=\"222\">guia de instala\u00e7\u00e3o<\/a>.<\/li>\n\n\n\n<li>Ap\u00f3s instalar, execute o launcher e teste no nosso servidor, que em condi\u00e7\u00f5es normais para quem est\u00e1 no brasil deve retornar um ping baixo, mas caso tenha problemas, consulte nosso <a href=\"https:\/\/zonafranga.servegame.com\/guia-para-diagnosticar-ping-alto\/\" data-type=\"page\" data-id=\"257\">guia para diagnosticar ping alto<\/a>.<\/li>\n\n\n\n<li>Antes de entrar em combate, acesse as op\u00e7\u00f5es de v\u00eddeo e som. Ajuste resolu\u00e7\u00e3o, qualidade gr\u00e1fica, e volume para algo confort\u00e1vel, e caso queira extrair o m\u00e1ximo da qualidade, confira nosso <a href=\"https:\/\/zonafranga.servegame.com\/guia-de-configuracao-next-gen\/\" data-type=\"page\" data-id=\"263\">guia de visual next-gen<\/a>.<\/li>\n\n\n\n<li>Caso n\u00e3o conhe\u00e7a tamb\u00e9m nosso sistema de troca de mapas e modos, leia nosso <a href=\"https:\/\/zonafranga.servegame.com\/guia-de-utilizacao-do-rtv-rtm\/\" data-type=\"page\" data-id=\"226\">guia de utiliza\u00e7\u00e3o do RTV\/RTM<\/a>.<\/li>\n<\/ul>\n\n\n\n<h1 class=\"wp-block-heading\"><strong>2. Ajustes b\u00e1sicos de controle<\/strong><\/h1>\n\n\n\n<p>V\u00e1 em <strong>SETTINGS \u2192 CONTROLS<\/strong> e mapeie as principais teclas:<\/p>\n\n\n\n<ul class=\"wp-block-list\">\n<li><strong>Movement: <\/strong><em>Run\/Walk, Up\/Jump, Down\/Crouch.<\/em><\/li>\n\n\n\n<li><strong>Interaction: <\/strong><em>Attack, Alt. Attack, Weapon Mode, Gunbash, Use.<\/em><\/li>\n\n\n\n<li><strong>Weapons:<\/strong> <em>Reload Weapon, Next Weapon, Previous Weapon.<\/em><\/li>\n\n\n\n<li><strong>Moviebattles: <\/strong><em>Special 1, Special 2 e Class Configuration.<\/em><\/li>\n<\/ul>\n\n\n\n<h1 class=\"wp-block-heading\"><strong>3. Entendendo os modos de jogo<\/strong><\/h1>\n\n\n\n<p>O MBII traz v\u00e1rios modos:<\/p>\n\n\n\n<ul class=\"wp-block-list\">\n<li><strong>Open<\/strong>: voc\u00ea escolhe sua fac\u00e7\u00e3o (Rebeldes ou Imperiais), escolhe classe, gasta pontos para montar seu personagem. Boa para aprender.<\/li>\n\n\n\n<li><strong>Full Authentic (FA)<\/strong>: classes pr\u00e9-definidas por mapa, estilo mais \u201cfilme\u201d, requisitos espec\u00edficos. Pode ser mais dif\u00edcil para novatos.<\/li>\n\n\n\n<li><strong>Semi Authentic (SA)<\/strong>: funciona como se fosse o modo Open, exceto que fica restrito somente nas classes Jedi e Sith.<\/li>\n\n\n\n<li><strong>Duel<\/strong>: apenas Jedi e Sith, mas com dura\u00e7\u00e3o de round maior, respawn r\u00e1pido e duelos privados.<\/li>\n\n\n\n<li><strong>Legends<\/strong>: uma esp\u00e9cie de modo h\u00edbrido entre Open e Full Authentic, onde cada personagem funciona como se fosse uma classe \u00fanica, com armas e habilidades can\u00f4nicas, independente do mapa.<\/li>\n<\/ul>\n\n\n\n<h1 class=\"wp-block-heading\"><strong>4. Modo\/Classes recomendadas para iniciantes<\/strong><\/h1>\n\n\n\n<p>Comece pelo <strong>modo Open<\/strong>. o modo Duel s\u00f3 faz sentido se o foco exclusivo for sabre. Open ensina ritmo, posicionamento e leitura de round. Sem isso, sabre vira ilus\u00e3o de progresso.<\/p>\n\n\n\n<h2 class=\"wp-block-heading\"><strong>Classes de base (aprender a sobreviver)<\/strong>:<\/h2>\n\n\n\n<ul class=\"wp-block-list\">\n<li><strong>Soldier:<\/strong> um pouco lento, com vida reduzida, poucas habilidades, arma b\u00e1sica, mas tr\u00eas vidas por round, que \u00e9 o ideal para durar mais durante a partida e aprender a din\u00e2mica do jogo.<\/li>\n\n\n\n<li><strong>Elite Trooper\/Commander:<\/strong> similares ao <em>soldier<\/em>, mas um pouco mais r\u00e1pido, com vida maior e duas vidas \u2014 excelente pr\u00f3xima etapa.<\/li>\n<\/ul>\n\n\n\n<h2 class=\"wp-block-heading\"><strong>Classes intermedi\u00e1rias (especializa\u00e7\u00e3o controlada)<\/strong>:<\/h2>\n\n\n\n<ul class=\"wp-block-list\">\n<li><strong>Clone Trooper\/Arc Trooper\/Mandalorian\/Wookie:<\/strong> essas classes j\u00e1 come\u00e7am a ser mais especializadas, ent\u00e3o depois de dominar bem as classes b\u00e1sicas de <em>Soldier<\/em> e <em>Elite Trooper\/Commander<\/em>, recomendo finalmente test\u00e1-las.<\/li>\n\n\n\n<li><strong>Bounty Hunter\/Hero:<\/strong> classes bastante vers\u00e1teis que permitem sobretudo jogar com sniper, assim, junto de <em>Jedi\/Sith<\/em>, s\u00e3o as que considero mais dif\u00edceis de se enfrentar.<\/li>\n<\/ul>\n\n\n\n<h2 class=\"wp-block-heading\"><strong>Classes situacionais (no\u00e7\u00e3o pr\u00e9via de jogo obrigat\u00f3ria)<\/strong>:<\/h2>\n\n\n\n<ul class=\"wp-block-list\">\n<li><strong>Droideka\/SBD:<\/strong> n\u00e3o s\u00e3o necessariamente dif\u00edceis de se aprender a jogar, mas \u00e9 necess\u00e1rio j\u00e1 conhecer a din\u00e2mica do jogo antes de arriscar nessas classes, sen\u00e3o ser\u00e3o um alvo f\u00e1cil.<\/li>\n<\/ul>\n\n\n\n<h2 class=\"wp-block-heading\"><strong>Classes finais (sabre \u2260 atalho)<\/strong>:<\/h2>\n\n\n\n<ul class=\"wp-block-list\">\n<li><strong>Jedi\/Sith:<\/strong> \u00faltima etapa em modos de time. Sabre n\u00e3o compensa falta de base.<br>Exce\u00e7\u00e3o: <strong>modo Duel<\/strong>, onde o aprendizado \u00e9 isolado e faz sentido desde o in\u00edcio.<\/li>\n<\/ul>\n\n\n\n<p><strong>Obs:<\/strong> Evitem de cara usar granadas\/thermal detonators\/rockets, observem antes o uso por jogadores mais experientes para entenderem a din\u00e2mica de quando e como usar esse tipo de arma, sen\u00e3o invariavelmente ela ser\u00e1 usada contra voc\u00ea e seu time.<\/p>\n\n\n\n<p>Portanto, evite classes muito especializadas ou com mec\u00e2nicas complexas logo de cara (sobretudo <em>Jedi\/Sith<\/em>), at\u00e9 ganhar mais experi\u00eancia. Paci\u00eancia, dominem o b\u00e1sico, pois estrat\u00e9gia \u00e9 a alma do jogo.<\/p>\n\n\n\n<p>I<strong>MPORTANTE: N\u00e3o existe \u201cclasse mais forte\u201d, existe dom\u00ednio da classe!<\/strong><br>O que decide \u00e9 a experi\u00eancia, a especializa\u00e7\u00e3o do jogador e momento. Claro que sorte tamb\u00e9m conta, mas uma classe s\u00f3 parece forte quando est\u00e1 nas m\u00e3os certas. H\u00e1 certo balanceamento entre as classes, mas no sentido de uma complementar a outra no time. Ent\u00e3o, a depender da forma\u00e7\u00e3o do time advers\u00e1rio, isso pode ser determin\u00edstico para favorecer a sua vit\u00f3ria ou derrota. Assim, um <em>soldier<\/em> veterano com bastante experi\u00eancia de jogo consegue derrubar muitas vezes, sem drama, muito <em>jedi\/sith<\/em> teoricamente \u201csuperior\u201d a depender da situa\u00e7\u00e3o.<\/p>\n\n\n\n<h1 class=\"wp-block-heading\"><strong>5. Mec\u00e2nicas importantes para dominar<\/strong><\/h1>\n\n\n\n<ul class=\"wp-block-list\">\n<li><strong>Andar<\/strong>: Use sempre que poss\u00edvel para evitar ser derrubado (\u201cknockdown\u201d) por habilidades inimigas e para melhorar sua precis\u00e3o.<\/li>\n\n\n\n<li><strong>Cobertura e movimenta\u00e7\u00e3o<\/strong>: N\u00e3o fique no meio aberto; use paredes, obst\u00e1culos, abaixe-se ou caminhe devagar para minimizar exposi\u00e7\u00e3o.<\/li>\n\n\n\n<li><strong>Observe veteranos<\/strong>: Assista partidas como espectador ou veja o que jogadores experientes fazem \u2014 isso ensina mais r\u00e1pido do que s\u00f3 entrar \u201cna marra\u201d.<\/li>\n\n\n\n<li><strong>Pontos de classe \/ build<\/strong>: No modo Open voc\u00ea ter\u00e1 uma cota de pontos para gastar na classe. Inicialmente, use builds recomendados ou padr\u00f5es. Depois modifique conforme seu estilo.<\/li>\n<\/ul>\n\n\n\n<h1 class=\"wp-block-heading\"><strong>6. Dicas de rede \/ desempenho<\/strong><\/h1>\n\n\n\n<ul class=\"wp-block-list\">\n<li>Prefira servidores com ping baixo e estabilidade.<\/li>\n\n\n\n<li>Se notar lag, verifique se a qualidade gr\u00e1fica est\u00e1 muito alta para seu PC. Ajuste para permitir um \u201cframe rate\u201d est\u00e1vel.<\/li>\n\n\n\n<li>No menu de rede: ajustar \u201crate\u201d, \u201csnaps\u201d etc at\u00e9 pode ajudar em algumas situa\u00e7\u00f5es bem particulares, mas no geral as configura\u00e7\u00f5es padr\u00e3o s\u00e3o mesmo as recomendadas.<\/li>\n<\/ul>\n\n\n\n<h1 class=\"wp-block-heading\"><strong>7. A disciplina do iniciante<\/strong><\/h1>\n\n\n\n<ul class=\"wp-block-list\">\n<li>Morra bastante. Faz parte. Cada morte ensina algo (posicionamento, mira, movimenta\u00e7\u00e3o).<\/li>\n\n\n\n<li>Evite se frustrar com jogadores mais experientes \u2014 todos j\u00e1 foram iniciantes.<\/li>\n\n\n\n<li>Foque primeiro em aprender os conceitos b\u00e1sicos (movimento, tiro, cobertura), depois habilidades especiais.<\/li>\n<\/ul>\n\n\n\n<h2 class=\"wp-block-heading\">Divirta-se, e que a for\u00e7a esteja com voc\u00ea!<\/h2>\n","protected":false},"excerpt":{"rendered":"<p>Bem-vindo ao mundo do MBII. Este guia cobre os passos b\u00e1sicos para voc\u00ea come\u00e7ar com o p\u00e9 direito. 1. Instala\u00e7\u00e3o e primeiro contato 2. Ajustes b\u00e1sicos de controle V\u00e1 em SETTINGS \u2192 CONTROLS e mapeie as principais teclas: 3. Entendendo &hellip; <a href=\"https:\/\/zonafranga.servegame.com\/?page_id=273\">Continue lendo <span class=\"meta-nav\">&rarr;<\/span><\/a><\/p>\n","protected":false},"author":1,"featured_media":0,"parent":0,"menu_order":0,"comment_status":"closed","ping_status":"closed","template":"","meta":{"footnotes":""},"class_list":["post-273","page","type-page","status-publish","hentry"],"_links":{"self":[{"href":"https:\/\/zonafranga.servegame.com\/index.php?rest_route=\/wp\/v2\/pages\/273","targetHints":{"allow":["GET"]}}],"collection":[{"href":"https:\/\/zonafranga.servegame.com\/index.php?rest_route=\/wp\/v2\/pages"}],"about":[{"href":"https:\/\/zonafranga.servegame.com\/index.php?rest_route=\/wp\/v2\/types\/page"}],"author":[{"embeddable":true,"href":"https:\/\/zonafranga.servegame.com\/index.php?rest_route=\/wp\/v2\/users\/1"}],"replies":[{"embeddable":true,"href":"https:\/\/zonafranga.servegame.com\/index.php?rest_route=%2Fwp%2Fv2%2Fcomments&post=273"}],"version-history":[{"count":40,"href":"https:\/\/zonafranga.servegame.com\/index.php?rest_route=\/wp\/v2\/pages\/273\/revisions"}],"predecessor-version":[{"id":418,"href":"https:\/\/zonafranga.servegame.com\/index.php?rest_route=\/wp\/v2\/pages\/273\/revisions\/418"}],"wp:attachment":[{"href":"https:\/\/zonafranga.servegame.com\/index.php?rest_route=%2Fwp%2Fv2%2Fmedia&parent=273"}],"curies":[{"name":"wp","href":"https:\/\/api.w.org\/{rel}","templated":true}]}}