{"id":226,"date":"2025-11-18T23:13:28","date_gmt":"2025-11-19T02:13:28","guid":{"rendered":"https:\/\/zonafranga.servegame.com\/?page_id=226"},"modified":"2025-12-21T08:08:52","modified_gmt":"2025-12-21T11:08:52","slug":"guia-de-utilizacao-do-rtv-rtm","status":"publish","type":"page","link":"https:\/\/zonafranga.servegame.com\/?page_id=226","title":{"rendered":"Guia de Utiliza\u00e7\u00e3o do RTV\/RTM"},"content":{"rendered":"\n<figure class=\"wp-block-image size-large\"><img loading=\"lazy\" decoding=\"async\" width=\"1024\" height=\"400\" src=\"https:\/\/zonafranga.servegame.com\/wp-content\/uploads\/2025\/11\/Guia-rtv-rtm-1024x400.jpg\" alt=\"\" class=\"wp-image-227\" srcset=\"https:\/\/zonafranga.servegame.com\/wp-content\/uploads\/2025\/11\/Guia-rtv-rtm-1024x400.jpg 1024w, https:\/\/zonafranga.servegame.com\/wp-content\/uploads\/2025\/11\/Guia-rtv-rtm-300x117.jpg 300w, https:\/\/zonafranga.servegame.com\/wp-content\/uploads\/2025\/11\/Guia-rtv-rtm-768x300.jpg 768w, https:\/\/zonafranga.servegame.com\/wp-content\/uploads\/2025\/11\/Guia-rtv-rtm-500x195.jpg 500w, https:\/\/zonafranga.servegame.com\/wp-content\/uploads\/2025\/11\/Guia-rtv-rtm.jpg 1327w\" sizes=\"auto, (max-width: 1024px) 100vw, 1024px\" \/><\/figure>\n\n\n\n<h2 class=\"wp-block-heading\"><strong>Introdu\u00e7\u00e3o<\/strong><\/h2>\n\n\n\n<p><em>Rock the Vote (RTV)<\/em> \u00e9 um plugin para que os jogadores iniciem uma vota\u00e7\u00e3o de troca de mapa apenas digitando <strong>rtv<\/strong>, sem depender de rota\u00e7\u00f5es fixas ou administradores.<\/p>\n\n\n\n<p><em>Rock the Mode (RTM)<\/em> \u00e9 uma varia\u00e7\u00e3o, permitindo tamb\u00e9m vota\u00e7\u00f5es, mas para troca de modo de jogo.<\/p>\n\n\n\n<p>O objetivo desses sistemas \u00e9 dar autonomia aos jogadores, mantendo o servidor din\u00e2mico e evitando repeti\u00e7\u00f5es indesejadas de mapas ou modos.<\/p>\n\n\n\n<h2 class=\"wp-block-heading\"><strong>Comandos B\u00e1sicos<\/strong><\/h2>\n\n\n\n<h2 class=\"wp-block-heading\"><strong>rtv, !rtv<\/strong><\/h2>\n\n\n\n<p>Inicia um pedido de vota\u00e7\u00e3o de mapa.<br>A vota\u00e7\u00e3o s\u00f3 come\u00e7a quando o n\u00famero de jogadores que usaram rtv atingir a metade + 1 ou imediatamente caso possua somente um jogador conectado.<\/p>\n\n\n\n<h2 class=\"wp-block-heading\"><strong>rtm, !rtm<\/strong><\/h2>\n\n\n\n<p>Inicia um pedido de vota\u00e7\u00e3o de modo de jogo.<br>A vota\u00e7\u00e3o s\u00f3 come\u00e7a quando o n\u00famero de jogadores que usaram rtv atingir a metade + 1 ou imediatamente caso possua somente um jogador conectado.<\/p>\n\n\n\n<h2 class=\"wp-block-heading\">unrtv, !unrtv, <strong>unrtm, !unrtm<\/strong><\/h2>\n\n\n\n<p>Cancela seu rtv ou rtm anterior.<br>S\u00f3 funciona <strong>antes<\/strong> da vota\u00e7\u00e3o come\u00e7ar.<\/p>\n\n\n\n<h2 class=\"wp-block-heading\"><strong>nominate &lt;nome do mapa&gt;, !nominate <strong>&lt;nome do mapa&gt;<\/strong><\/strong><\/h2>\n\n\n\n<p>Usado para <strong>indicar um mapa<\/strong> para uma futura vota\u00e7\u00e3o.<\/p>\n\n\n\n<h2 class=\"wp-block-heading\"><strong>maplist &lt;n\u00famero&gt;, !maplist &lt;n\u00famero&gt;<\/strong><\/h2>\n\n\n\n<p>Exibe a lista de mapas permitidos em ordem alfanum\u00e9rica.<\/p>\n\n\n\n<h2 class=\"wp-block-heading\"><strong>search &lt;express\u00e3o&gt;, !search &lt;express\u00e3o&gt;<\/strong><\/h2>\n\n\n\n<p>Pesquisa mapas contendo determinado texto.<\/p>\n\n\n\n<h1 class=\"wp-block-heading\"><strong>Comandos de Vota\u00e7\u00e3o<\/strong><\/h1>\n\n\n\n<p>Durante uma vota\u00e7\u00e3o:<\/p>\n\n\n\n<h2 class=\"wp-block-heading\"><strong>!&lt;n\u00famero&gt;<\/strong><\/h2>\n\n\n\n<p>Vota para a op\u00e7\u00e3o representada pelo n\u00famero.<br>Votar novamente altera seu voto.<\/p>\n\n\n\n<h2 class=\"wp-block-heading\"><strong>unvote, !unvote<\/strong><\/h2>\n\n\n\n<p>Remove seu voto de mapa atual.<br>N\u00e3o \u00e9 necess\u00e1rio para trocar o voto, apenas para remover.<\/p>\n","protected":false},"excerpt":{"rendered":"<p>Introdu\u00e7\u00e3o Rock the Vote (RTV) \u00e9 um plugin para que os jogadores iniciem uma vota\u00e7\u00e3o de troca de mapa apenas digitando rtv, sem depender de rota\u00e7\u00f5es fixas ou administradores. Rock the Mode (RTM) \u00e9 uma varia\u00e7\u00e3o, permitindo tamb\u00e9m vota\u00e7\u00f5es, mas &hellip; <a href=\"https:\/\/zonafranga.servegame.com\/?page_id=226\">Continue lendo <span class=\"meta-nav\">&rarr;<\/span><\/a><\/p>\n","protected":false},"author":1,"featured_media":0,"parent":0,"menu_order":0,"comment_status":"closed","ping_status":"closed","template":"","meta":{"footnotes":""},"class_list":["post-226","page","type-page","status-publish","hentry"],"_links":{"self":[{"href":"https:\/\/zonafranga.servegame.com\/index.php?rest_route=\/wp\/v2\/pages\/226","targetHints":{"allow":["GET"]}}],"collection":[{"href":"https:\/\/zonafranga.servegame.com\/index.php?rest_route=\/wp\/v2\/pages"}],"about":[{"href":"https:\/\/zonafranga.servegame.com\/index.php?rest_route=\/wp\/v2\/types\/page"}],"author":[{"embeddable":true,"href":"https:\/\/zonafranga.servegame.com\/index.php?rest_route=\/wp\/v2\/users\/1"}],"replies":[{"embeddable":true,"href":"https:\/\/zonafranga.servegame.com\/index.php?rest_route=%2Fwp%2Fv2%2Fcomments&post=226"}],"version-history":[{"count":10,"href":"https:\/\/zonafranga.servegame.com\/index.php?rest_route=\/wp\/v2\/pages\/226\/revisions"}],"predecessor-version":[{"id":389,"href":"https:\/\/zonafranga.servegame.com\/index.php?rest_route=\/wp\/v2\/pages\/226\/revisions\/389"}],"wp:attachment":[{"href":"https:\/\/zonafranga.servegame.com\/index.php?rest_route=%2Fwp%2Fv2%2Fmedia&parent=226"}],"curies":[{"name":"wp","href":"https:\/\/api.w.org\/{rel}","templated":true}]}}