{"id":222,"date":"2025-11-18T22:51:49","date_gmt":"2025-11-19T01:51:49","guid":{"rendered":"https:\/\/zonafranga.servegame.com\/?page_id=222"},"modified":"2025-12-21T12:18:01","modified_gmt":"2025-12-21T15:18:01","slug":"guia-de-instalacao-do-movie-battles-ii-mbii","status":"publish","type":"page","link":"https:\/\/zonafranga.servegame.com\/?page_id=222","title":{"rendered":"Guia de Instala\u00e7\u00e3o do Movie Battles II (MBII)"},"content":{"rendered":"\n<figure class=\"wp-block-image size-large\"><img loading=\"lazy\" decoding=\"async\" width=\"1024\" height=\"252\" src=\"https:\/\/zonafranga.servegame.com\/wp-content\/uploads\/2025\/11\/Guia-de-Instalacao-1024x252.jpg\" alt=\"\" class=\"wp-image-223\" srcset=\"https:\/\/zonafranga.servegame.com\/wp-content\/uploads\/2025\/11\/Guia-de-Instalacao-1024x252.jpg 1024w, https:\/\/zonafranga.servegame.com\/wp-content\/uploads\/2025\/11\/Guia-de-Instalacao-300x74.jpg 300w, https:\/\/zonafranga.servegame.com\/wp-content\/uploads\/2025\/11\/Guia-de-Instalacao-768x189.jpg 768w, https:\/\/zonafranga.servegame.com\/wp-content\/uploads\/2025\/11\/Guia-de-Instalacao-500x123.jpg 500w, https:\/\/zonafranga.servegame.com\/wp-content\/uploads\/2025\/11\/Guia-de-Instalacao.jpg 1183w\" sizes=\"auto, (max-width: 1024px) 100vw, 1024px\" \/><\/figure>\n\n\n\n<h2 class=\"wp-block-heading\"><strong>1. Prepara\u00e7\u00e3o<\/strong><\/h2>\n\n\n\n<p>Antes de mais nada, recomendo limpar quaisquer instala\u00e7\u00f5es anteriores:<\/p>\n\n\n\n<ul class=\"wp-block-list\">\n<li>Se voc\u00ea tem uma instala\u00e7\u00e3o <strong>muito antiga<\/strong> do MBII, delete a pasta <code><strong>MBII<\/strong><\/code> dentro de <strong>GameData<\/strong> do Jedi Academy. Isso evita conflitos e bugs.<\/li>\n\n\n\n<li>Se o <strong>MBII Launcher<\/strong> j\u00e1 estiver instalado e tamb\u00e9m for instala\u00e7\u00e3o antiga, <strong>desinstale<\/strong>, pois \u00e9 melhor instalar do zero a vers\u00e3o j\u00e1 atualizada.<\/li>\n<\/ul>\n\n\n\n<h2 class=\"wp-block-heading\"><strong>2. Instalar o Jedi Academy<\/strong><\/h2>\n\n\n\n<p>Eu recomendo buscar pela vers\u00e3o GoG, por ser mais simples, completa, atualizada e principalmente livre de DRM.<\/p>\n\n\n\n<ul class=\"wp-block-list\">\n<li>Instale no <strong>caminho padr\u00e3o<\/strong> sugerido pelo instalador.<\/li>\n\n\n\n<li>Evite caminhos longos, nomes estranhos ou pastas com caracteres especiais.<\/li>\n<\/ul>\n\n\n\n<h2 class=\"wp-block-heading\"><strong>3. Instalar o .NET Framework 4.8<\/strong><\/h2>\n\n\n\n<p>Necess\u00e1rio para o Launcher do Movie Battles II.<\/p>\n\n\n\n<p><a href=\"https:\/\/dotnet.microsoft.com\/en-us\/download\/dotnet-framework\/thank-you\/net48-offline-installer\">Download<\/a><\/p>\n\n\n\n<h2 class=\"wp-block-heading\"><strong>4. Instalar o Visual C++ (opcional)<\/strong><\/h2>\n\n\n\n<p>Necess\u00e1rio para utilizar o OpenJK.<\/p>\n\n\n\n<p><a href=\"https:\/\/www.techpowerup.com\/download\/visual-c-redistributable-runtime-package-all-in-one\/\">Download<\/a><\/p>\n\n\n\n<h2 class=\"wp-block-heading\"><strong>5. Instalar o MBII Launcher<\/strong><\/h2>\n\n\n\n<p>Necess\u00e1rio n\u00e3o s\u00f3 para atualiza\u00e7\u00e3o do Mod, como tamb\u00e9m para autenticar toda vez e jogar em servidores protegidos.<\/p>\n\n\n\n<p><a href=\"https:\/\/update.moviebattles.org\/launcher\/MBII_Launcher_Setup.msi\">Download<\/a><\/p>\n\n\n\n<h2 class=\"wp-block-heading\"><strong>6. Dicas adicionais (opcional)<\/strong><\/h2>\n\n\n\n<p>O guia oficial tem mais detalhes sobre problemas comuns e instala\u00e7\u00e3o avan\u00e7ada, incluindo em outros sistemas operacionais, como Linux e MAC.<\/p>\n\n\n\n<p><a href=\"https:\/\/moviebattles.fandom.com\/wiki\/Installation_%26_Troubleshooting_Guide#Linux_Installation\">Link<\/a><\/p>\n","protected":false},"excerpt":{"rendered":"<p>1. Prepara\u00e7\u00e3o Antes de mais nada, recomendo limpar quaisquer instala\u00e7\u00f5es anteriores: 2. Instalar o Jedi Academy Eu recomendo buscar pela vers\u00e3o GoG, por ser mais simples, completa, atualizada e principalmente livre de DRM. 3. Instalar o .NET Framework 4.8 Necess\u00e1rio &hellip; <a href=\"https:\/\/zonafranga.servegame.com\/?page_id=222\">Continue lendo <span class=\"meta-nav\">&rarr;<\/span><\/a><\/p>\n","protected":false},"author":1,"featured_media":0,"parent":0,"menu_order":0,"comment_status":"closed","ping_status":"closed","template":"","meta":{"footnotes":""},"class_list":["post-222","page","type-page","status-publish","hentry"],"_links":{"self":[{"href":"https:\/\/zonafranga.servegame.com\/index.php?rest_route=\/wp\/v2\/pages\/222","targetHints":{"allow":["GET"]}}],"collection":[{"href":"https:\/\/zonafranga.servegame.com\/index.php?rest_route=\/wp\/v2\/pages"}],"about":[{"href":"https:\/\/zonafranga.servegame.com\/index.php?rest_route=\/wp\/v2\/types\/page"}],"author":[{"embeddable":true,"href":"https:\/\/zonafranga.servegame.com\/index.php?rest_route=\/wp\/v2\/users\/1"}],"replies":[{"embeddable":true,"href":"https:\/\/zonafranga.servegame.com\/index.php?rest_route=%2Fwp%2Fv2%2Fcomments&post=222"}],"version-history":[{"count":4,"href":"https:\/\/zonafranga.servegame.com\/index.php?rest_route=\/wp\/v2\/pages\/222\/revisions"}],"predecessor-version":[{"id":396,"href":"https:\/\/zonafranga.servegame.com\/index.php?rest_route=\/wp\/v2\/pages\/222\/revisions\/396"}],"wp:attachment":[{"href":"https:\/\/zonafranga.servegame.com\/index.php?rest_route=%2Fwp%2Fv2%2Fmedia&parent=222"}],"curies":[{"name":"wp","href":"https:\/\/api.w.org\/{rel}","templated":true}]}}